{"id":9,"date":"2022-10-29T19:59:59","date_gmt":"2022-10-29T18:59:59","guid":{"rendered":"https:\/\/ninawalgram.at\/?page_id=9"},"modified":"2023-07-14T13:58:39","modified_gmt":"2023-07-14T12:58:39","slug":"ueber-mich","status":"publish","type":"page","link":"https:\/\/ninawalgram.at\/ueber-mich","title":{"rendered":"\u00dcber mich"},"content":{"rendered":"\n<div class=\"wp-block-columns is-layout-flex wp-container-3\">\n<div class=\"wp-block-column is-layout-flow\" style=\"flex-basis:33.33%\">\n<figure class=\"wp-block-image size-large is-resized\"><img decoding=\"async\" loading=\"lazy\" src=\"https:\/\/ninawalgram.at\/wp-content\/uploads\/2023\/04\/Nina-Walgram-683x1024.jpg\" alt=\"\" class=\"wp-image-246\" width=\"355\" height=\"533\" srcset=\"https:\/\/ninawalgram.at\/wp-content\/uploads\/2023\/04\/Nina-Walgram-683x1024.jpg 683w, https:\/\/ninawalgram.at\/wp-content\/uploads\/2023\/04\/Nina-Walgram-200x300.jpg 200w, https:\/\/ninawalgram.at\/wp-content\/uploads\/2023\/04\/Nina-Walgram-768x1151.jpg 768w, https:\/\/ninawalgram.at\/wp-content\/uploads\/2023\/04\/Nina-Walgram-1025x1536.jpg 1025w, https:\/\/ninawalgram.at\/wp-content\/uploads\/2023\/04\/Nina-Walgram.jpg 1150w\" sizes=\"(max-width: 355px) 100vw, 355px\" \/><\/figure>\n<\/div>\n\n\n\n<div class=\"wp-block-column is-layout-flow\" style=\"flex-basis:66.66%\">\n<blockquote class=\"wp-block-quote\">\n<p><strong>Meine Fotografie w\u00fcrde ich mit \u201ehappy life\u201c beschreiben \u2013 ich halte f\u00fcr euch die Leichtigkeit und die sch\u00f6nen Momente rund um euer (Familien-)Leben fest.<\/strong><\/p>\n<cite>NINA WALGRAM<\/cite><\/blockquote>\n\n\n\n<p><\/p>\n\n\n\n<p>Nach der HTL f\u00fcr Grafik und Kommunikationsdesign habe ich mich neben dem Design vermehrt der Fotografie gewidmet. Nach vielen privaten Shootings und meiner ersten Hochzeitsreportage 2009 wurde ich von Shooting zu Shooting und von Hochzeit zu Hochzeit in meinem Tun immer kreativer und besser. Dank Mundpropaganda und dem tollen Feedback meiner Kundinnen und Kunden wurden vor allem die Sommermonate (Hochzeitssaison!) immer dichter gebucht. Eine Website oder dergleichen hatte ich bis dahin nicht mal (sorry, ja, das ist echt peinlich, aber daf\u00fcr fehlte einfach die Zeit).<\/p>\n\n\n\n<p>W\u00e4hrend meiner Karenzzeit pausierte ich mit den Hochzeiten, aber nahm vermehrt Familien- und Babyshootings an &#8211; die lassen sich mit Kleinkindern ja viel besser planen. Und ehrlich gesagt lie\u00df ich gef\u00fchlt st\u00e4ndig meine eigenen Kinder modeln, denn es l\u00e4sst mir keine Ruhe: Ich fotografiere zu gerne und finde es pers\u00f6nlich auch so unendlich wichtig, bedeutsame Meilensteine im Leben festzuhalten.<\/p>\n\n\n\n<p>Ich bin immer nach der <strong>Suche nach dem &#8222;perfekten&#8220; Foto<\/strong> und zeichne mich dadurch aus, dass ich alle Bilder im Photoshop pr\u00fcfe, nachbessere, st\u00f6rende Hintergrundelemente wegretuschiere usw. In dieser Hinsicht bin ich ziemlich perfektionistisch.<\/p>\n\n\n\n<p><strong>Ein Shooting mit mir <\/strong>ist kurzweilig &#8211; es wird viel gelacht, ich habe gef\u00fchlt unendlich viele Ideen f\u00fcr eure Posen und bin sehr erfinderisch, wenn es um die Bespa\u00dfung von Kindern geht. Ich glaube, darum werde ich auch gerne weiter empfohlen. Wenn man r\u00fcckwirkend h\u00f6rt, dass mein Perfektionismus zum Sitz der Frisur und vom Hemd, die Leichtigkeit in der Posing-Anleitung, sowie der Output der Fotos beeindruckt haben, dann geht mir das Herz auf. Ich bin sowohl beim Shooting als auch bei eurer Hochzeit oder Taufe nicht nur eine Dienstleisterin, sondern eure Freundin, die Organisationstipps gibt und auch mal mit anpackt, damit der Tag glatt l\u00e4uft.<\/p>\n\n\n\n<p><strong>Bei der Fotografie ist es mir besonders wichtig<\/strong>, die Freude dabei nicht zu verlieren. Ich fotografiere bewusst nicht hauptberuflich, damit ich selbst die Freiheit habe, mit dem \u201eHobby\u201c nicht meinen Lebensunterhalt verdienen zu m\u00fcssen. Um mir diese Vorfreude, Begeisterung und Motivation zu erhalten, nehme ich leider auch nur eine begrenzte Anzahl an Ganztages-Hochzeiten im Jahr an. Schlie\u00dflich habe ich auch eine Familie mit zwei kleinen Kindern und einem Ehemann, die mit mir am Wochenende Ausfl\u00fcge machen m\u00f6chten. F\u00fcr Familienshootings, Taufen oder kleinere Hochzeiten bin ich leichter verf\u00fcgbar. <\/p>\n\n\n\n<p><\/p>\n\n\n\n<p>PS: So tolle Fotos von mir gibt&#8217;s leider nicht zum Herzeigen, schlie\u00dflich kann ich nicht vor UND hinter der Kamera stehen.<\/p>\n\n\n\n<p><\/p>\n<\/div>\n<\/div>\n\n\n\n<div style=\"height:100px\" aria-hidden=\"true\" class=\"wp-block-spacer\"><\/div>\n","protected":false},"excerpt":{"rendered":"<p>Meine Fotografie w\u00fcrde ich mit \u201ehappy life\u201c beschreiben \u2013 ich halte f\u00fcr euch die Leichtigkeit und die sch\u00f6nen Momente rund um euer (Familien-)Leben fest. Nach der HTL f\u00fcr Grafik und Kommunikationsdesign habe ich mich neben dem Design vermehrt der Fotografie<\/p>\n","protected":false},"author":1,"featured_media":0,"parent":0,"menu_order":0,"comment_status":"closed","ping_status":"closed","template":"","meta":[],"_links":{"self":[{"href":"https:\/\/ninawalgram.at\/index.php?rest_route=\/wp\/v2\/pages\/9"}],"collection":[{"href":"https:\/\/ninawalgram.at\/index.php?rest_route=\/wp\/v2\/pages"}],"about":[{"href":"https:\/\/ninawalgram.at\/index.php?rest_route=\/wp\/v2\/types\/page"}],"author":[{"embeddable":true,"href":"https:\/\/ninawalgram.at\/index.php?rest_route=\/wp\/v2\/users\/1"}],"replies":[{"embeddable":true,"href":"https:\/\/ninawalgram.at\/index.php?rest_route=%2Fwp%2Fv2%2Fcomments&post=9"}],"version-history":[{"count":14,"href":"https:\/\/ninawalgram.at\/index.php?rest_route=\/wp\/v2\/pages\/9\/revisions"}],"predecessor-version":[{"id":420,"href":"https:\/\/ninawalgram.at\/index.php?rest_route=\/wp\/v2\/pages\/9\/revisions\/420"}],"wp:attachment":[{"href":"https:\/\/ninawalgram.at\/index.php?rest_route=%2Fwp%2Fv2%2Fmedia&parent=9"}],"curies":[{"name":"wp","href":"https:\/\/api.w.org\/{rel}","templated":true}]}}